{"id":30694,"date":"2025-10-13T10:51:25","date_gmt":"2025-10-13T10:51:25","guid":{"rendered":"https:\/\/thebestproductfinds.com\/?product=lee"},"modified":"2025-10-13T10:51:25","modified_gmt":"2025-10-13T10:51:25","slug":"lee","status":"publish","type":"product","link":"https:\/\/thebestproductfinds.com\/?product=lee","title":{"rendered":"Lee"},"content":{"rendered":"<p><br \/>\nPrice: <span style=\"color:#b12704\"><del>$41.90<\/del> - $25.80<\/span><br \/><i><small>(as of Oct 13, 2025 10:51:25 UTC &#8211; <span class=\"wp_automatic_amazon_disclaimer\" title=\"Product prices and availability are accurate as of the date\/time indicated and are subject to change. Any price and availability information displayed on [relevant Amazon Site(s), as applicable] at the time of purchase will apply to the purchase of this product.\">Details<\/span>)<\/small><\/i><\/p>\n<p><a href=\"https:\/\/amazon.com\/dp\/B00QNAKM9A?tag=madcolorbakes-20\"><img decoding=\"async\" src=\"https:\/\/valvepress.s3.amazonaws.com\/imgs\/buy_now.png\"><\/a><br \/>\n<br \/>\n    <span class=\"a-text-bold\">LEE Men\u2019s Performance Series Extreme Comfort Pant.<\/span><span> A classic khaki look built for maximum comfort and style. Available in a variety of colors. <\/p>\n<p> <\/span><\/p>\n<ul class=\"a-unordered-list a-vertical\">\n<li><span class=\"a-list-item\"><span class=\"a-text-bold\">Overall Fit:<\/span><span> Straight fit pant.<\/span><\/span><\/li>\n<li><span class=\"a-list-item\"><span class=\"a-text-bold\">Rise:<\/span><span> Mid rise, sits at the natural waist.<\/span><\/span><\/li>\n<li><span class=\"a-list-item\"><span class=\"a-text-bold\">Closure:<\/span><span> Zip-Fly with button closure.<\/span><\/span><\/li>\n<li><span class=\"a-list-item\"><span class=\"a-text-bold\">Leg:<\/span><span> Straight fit through the seat, leg, and thigh.<\/span><\/span><\/li>\n<li><span class=\"a-list-item\"><span class=\"a-text-bold\">Pockets:<\/span><span> Four pockets: (2) back pockets, (2) front pockets.<\/span><\/span><\/li>\n<li><span class=\"a-list-item\"><span class=\"a-text-bold\">Leg Opening:<\/span><span> 16.875-inches.<\/span><\/span><\/li>\n<\/ul>\n<p><span><br \/> <\/span><span class=\"a-text-bold\">BRAND HERITAGE:<\/span><span><br \/> Just like our founder, H.D. Lee, our passion is helping can-do people do more. We are committed to designing clothing that conforms to your body, allowing you to move through life freely. We help you chase the things that bring you joy and laughter. The things that make you fearless and hopefully because your passion is what makes you unique. And what moves you, moves us. Move your Lee.<\/p>\n<p><\/span><span class=\"a-text-bold\">Pantal\u00f3n para hombre Extreme Comfort, serie Performance de Lee.<\/span><span> Un cl\u00e1sico aspecto vers\u00e1til confeccionado para brindar la m\u00e1xima comodidad y el mejor estilo. Disponible en una variedad de colores. <\/p>\n<p> <\/span><\/p>\n<ul class=\"a-unordered-list a-vertical\">\n<li><span class=\"a-list-item\"><span class=\"a-text-bold\">Ajuste general:<\/span><span> pantal\u00f3n de corte recto<\/span><\/span><\/li>\n<li><span class=\"a-list-item\"><span class=\"a-text-bold\">Tiro:<\/span><span> medio, queda a la altura de la cintura.<\/span><\/span><\/li>\n<li><span class=\"a-list-item\"><span class=\"a-text-bold\">Cierre:<\/span><span> cierre con bot\u00f3n.<\/span><\/span><\/li>\n<li><span class=\"a-list-item\"><span class=\"a-text-bold\">Pierna:<\/span><span> corte recto a lo largo de la cadera, las piernas y los muslos.<\/span><\/span><\/li>\n<li><span class=\"a-list-item\"><span class=\"a-text-bold\">Bolsillos:<\/span><span> cuatro bolsillos en total, 2 bolsillos traseros y 2 bolsillos delanteros.<\/span><\/span><\/li>\n<li><span class=\"a-list-item\"><span class=\"a-text-bold\">Ancho de apertura de pierna:<\/span><span> 16.875 pulgadas.<\/span><\/span><\/li>\n<\/ul>\n<p><span><br \/> <\/span><span class=\"a-text-bold\">Patrimonio de la marca:<\/span><span><br \/> al igual que nuestro fundador,\u00a0H.D. Lee, nuestra pasi\u00f3n es ayudar a las personas ambiciosas y entusiastas a llegar m\u00e1s lejos. Lee se compromete a dise\u00f1ar ropa que se ajuste a tu cuerpo y que te permita moverte con libertad. Te ayudamos a perseguir las cosas que te traen alegr\u00eda y te hacen re\u00edr. Las cosas que te hacen no tener miedo a nada y perseguir tus sue\u00f1os, porque tu pasi\u00f3n es lo que te hace \u00fanico. Y lo que te mueve, nos mueve. Mu\u00e9vete con tus Lee,<\/p>\n<p>Lee Herren Performance Series Extreme Comfort Hose. Ein klassischer Khaki-Look f\u00fcr maximalen Komfort und Stil. In einer Vielzahl von Farben erh\u00e4ltlich. <\/p>\n<p><\/span><\/p>\n<ul class=\"a-unordered-list a-vertical\">\n<li><span class=\"a-list-item\"><span>Overall Fit: Straight Fit Hose. <\/span><\/span><\/li>\n<li><span class=\"a-list-item\"><span>Leibh\u00f6he: Mid Rise, sitzt an der nat\u00fcrlichen Taille. <\/span><\/span><\/li>\n<li><span class=\"a-list-item\"><span>Verschluss: Zip-Fly mit Knopfverschluss <\/span><\/span><\/li>\n<li><span class=\"a-list-item\"><span>Bein: gerade Passform durch Sitz, Bein und Oberschenkel. <\/span><\/span><\/li>\n<li><span class=\"a-list-item\"><span>Taschen: vier Taschen: (2) Ges\u00e4\u00dftaschen, (2) Fronttaschen. <\/span><\/span><\/li>\n<li><span class=\"a-list-item\"><span>Bein\u00f6ffnung: 42,9 cm. <\/span><\/span><\/li>\n<\/ul>\n<p><span><br \/>Marke: <br \/>Genau wie unser Gr\u00fcnder, H.D. Lee, unsere Leidenschaft ist es, Menschen zu helfen, mehr zu tun. Wir engagieren uns f\u00fcr die Gestaltung von Kleidung, die sich Ihrem K\u00f6rper anpasst, so dass Sie sich frei durch das Leben bewegen k\u00f6nnen. Wir helfen Ihnen, die Dinge zu jagen, die Ihnen Freude und Lachen bringen. Die Dinge, die Sie furchtlos und hoffentlich machen, weil Ihre Leidenschaft ist, was Sie einzigartig macht. Und was dich bewegt, bewegt uns Move your Lee.<\/p>\n<p>LEE \ub0a8\uc131\uc6a9 \ud37c\ud3ec\uba3c\uc2a4 \uc2dc\ub9ac\uc988 \uc775\uc2a4\ud2b8\ub9bc \ucef4\ud3ec\ud2b8 \ud32c\uce20. \ucd5c\uace0\uc758 \ud3b8\uc548\ud568\uacfc \uc2a4\ud0c0\uc77c\uc744 \uc704\ud574 \uc81c\uc791\ub41c \ud074\ub798\uc2dd\ud55c \uce74\ud0a4 \ub8e9. \ub2e4\uc591\ud55c \uc0c9\uc0c1 \uc120\ud0dd \uac00\ub2a5. <\/p>\n<p><\/span><\/p>\n<ul class=\"a-unordered-list a-vertical\">\n<li><span class=\"a-list-item\"><span>\uc804\uccb4 \ud54f: \uc2a4\ud2b8\ub808\uc774\ud2b8 \ud54f \ubc14\uc9c0. <\/span><\/span><\/li>\n<li><span class=\"a-list-item\"><span>\ub77c\uc774\uc988: \ubbf8\ub4dc \ub77c\uc774\uc988, \uc790\uc5f0\uc2a4\ub7fd\uac8c \ud5c8\ub9ac\uc5d0 \uac78\uce69\ub2c8\ub2e4. <\/span><\/span><\/li>\n<li><span class=\"a-list-item\"><span>\uc7a0\uae08: \uc9c0\ud37c \ud50c\ub77c\uc774\uc640 \ubc84\ud2bc \uc7a0\uae08. <\/span><\/span><\/li>\n<li><span class=\"a-list-item\"><span>\ub2e4\ub9ac: \uc5c9\ub369\uc774, \ub2e4\ub9ac \ubc0f \ud5c8\ubc85\uc9c0\ub97c \ub530\ub77c \uc2a4\ud2b8\ub808\uc774\ud2b8 \ud54f. <\/span><\/span><\/li>\n<li><span class=\"a-list-item\"><span>\ud3ec\ucf13: 4\uac1c\uc758 \ud3ec\ucf13: (2) \ubc31 \ud3ec\ucf13, (2) \ud504\ub860\ud2b8 \ud3ec\ucf13. <\/span><\/span><\/li>\n<li><span class=\"a-list-item\"><span>\ubc11\ub2e8 \ub458\ub808: 42.9cm. <\/span><\/span><\/li>\n<\/ul>\n<p><span><br \/>\ube0c\ub79c\ub4dc \ud5e4\ub9ac\ud2f0\uc9c0: <br \/>\uc790\uc0ac\uc758 \ucc3d\ub9bd\uc790\uc778 H.D. Lee, \uc6b0\ub9ac\uc758 \uc5f4\uc815\uc740 \uc0ac\ub78c\ub4e4\uc774 \ub354 \ub9ce\uc740 \uc77c\uc744 \ud560 \uc218 \uc788\ub3c4\ub85d \ub3d5\ub294 \uac83\uc785\ub2c8\ub2e4. \ub2f9\uc0ac\ub294 \uace0\uac1d\uc758 \ubab8\uc5d0 \ub9de\uc544 \uc0dd\ud65c \uc18d\uc5d0\uc11c \uc790\uc720\ub86d\uac8c \uc6c0\uc9c1\uc77c \uc218 \uc788\ub294 \uc758\ub958\ub97c \ub514\uc790\uc778\ud558\uae30 \uc704\ud574 \ucd5c\uc120\uc744 \ub2e4\ud558\uace0 \uc788\uc2b5\ub2c8\ub2e4. \ub2f9\uc0ac\ub294 \uace0\uac1d\uc774 \uae30\uc068\uacfc \uc6c3\uc74c\uc744 \uac00\uc838\ub2e4\uc8fc\ub294 \uac83\ub4e4\uc744 \ucad3\uc744 \uc218 \uc788\ub3c4\ub85d \ub3c4\uc640\uc90d\ub2c8\ub2e4. \uadc0\ud558\ub97c \ub450\ub824\uc6c0 \uc5c6\uc774 \ub9cc\ub4dc\ub294 \uac83\uacfc \uadc0\ud558\uc758 \uc5f4\uc815\uc774 \uadc0\ud558\ub97c \ub3c5\ud2b9\ud558\uac8c \ub9cc\ub4dc\ub294 \uac83\uc774\uae30 \ubc14\ub77c\uae30 \ub54c\ubb38\uc785\ub2c8\ub2e4. \uadf8\ub9ac\uace0 \uadc0\ud558\ub97c \uc6c0\uc9c1\uc774\ub294 \uac83\uc774, \ub2f9\uc0ac\ub97c \uc6c0\uc9c1\uc785\ub2c8\ub2e4. Lee\ub97c \uc6c0\uc9c1\uc774\uc138\uc694.<\/span>    <br \/> Item model number                                            \u200f                                            :                                            \u200e                                            42735   <br \/> Department                                            \u200f                                            :                                            \u200e                                            mens   <br \/> Date First Available                                            \u200f                                            :                                            \u200e                                            November 23, 2017   <br \/> Manufacturer                                            \u200f                                            :                                            \u200e                                            Lee   <br \/> ASIN                                            \u200f                                            :                                            \u200e                                            B0BG49KTP9   <br \/>       Best Sellers Rank:  #5,869 in Clothing, Shoes &#038; Jewelry (See Top 100 in Clothing, Shoes &#038; Jewelry)    #47 in Men&#8217;s Casual Pants      <br \/>  Customer Reviews:                                                                                     4.5             4.5 out of 5 stars                                    12,203 ratings                                             var dpAcrHasRegisteredArcLinkClickAction;                    P.when(&#8216;A&#8217;, &#8216;ready&#8217;).execute(function(A) {                        if (dpAcrHasRegisteredArcLinkClickAction !== true) {                            dpAcrHasRegisteredArcLinkClickAction = true;                            A.declarative(                                &#8216;acrLink-click-metrics&#8217;, &#8216;click&#8217;,                                { &#8220;allowLinkDefault&#8221;: true },                                function (event) {                                    if (window.ue) {                                        ue.count(&#8220;acrLinkClickCount&#8221;, (ue.count(&#8220;acrLinkClickCount&#8221;) || 0) + 1);                                    }                                }                            );                        }                    });                                             P.when(&#8216;A&#8217;, &#8216;cf&#8217;).execute(function(A) {                A.declarative(&#8216;acrStarsLink-click-metrics&#8217;, &#8216;click&#8217;, { &#8220;allowLinkDefault&#8221; : true },  function(event){                    if(window.ue) {                        ue.count(&#8220;acrStarsLinkWithPopoverClickCount&#8221;, (ue.count(&#8220;acrStarsLinkWithPopoverClickCount&#8221;) || 0) + 1);                    }                });            });                          <\/p>\n<div id=\"product-summary\" data-hook=\"cr-insights-widget-summary\" class=\"a-section a-spacing-none\">\n<div class=\"a-section a-spacing-small a-spacing-top-\">\n<h3 data-hook=\"cr-insights-heading-label\" class=\"a-size-base-plus a-color-base a-text-bold\">Customers say<\/h3>\n<\/div>\n<p class=\"a-spacing-small\"><span>Customers find these pants comfortable and well-fitting, with a stretchy waistband that makes them suitable for both work and casual wear. The pants receive positive feedback for their appearance and quality, with one customer noting they&#8217;re perfect for their body type. While some customers say they hold up well after many washes, others report issues with seams ripping apart inside the pockets. The fabric quality receives mixed reviews, with some praising the material while others find it poor.<\/span><\/p>\n<p id=\"summary-disclaimer-title-container\" data-csa-c-item-id=\"ai_generated_text_banner\" data-csa-c-owner=\"CustomerReviews\" data-csa-c-slot-id=\"cr-product-insights-cards_ai-generated-text\" data-csa-c-type=\"uxElement\" data-hook=\"cr-insights-ai-generated-text\" class=\"a-size-small a-color-secondary\"><span id=\"ai-icon-left\" class=\"_Y3Itc_ai-icon-left_2U2uo\" aria-hidden=\"true\"><svg class=\"_Y3Itc_ai-branding-icon_1_-VZ\" width=\"18\" height=\"18\" viewbox=\"0 0 18 18\" fill=\"none\" xmlns=\"http:\/\/www.w3.org\/2000\/svg\" aria-hidden=\"true\"><g clip-path=\"url(#clip0_1566_10942)\"><path d=\"M0.371705 14.3508C0.224179 14.1666 0.125828 14.0066 0.0829307 13.8779C0.0274777 13.7063 0.076653 13.6132 0.132106 13.5703C0.24929 13.4782 0.42088 13.5399 0.722209 13.7795C2.90999 15.5435 5.79773 16.2132 8.49504 16.2132C10.8858 16.2132 13.1343 15.6848 14.597 14.9168C14.8428 14.7881 15.0458 14.6835 15.1808 14.8247C15.2237 14.8739 15.2488 14.9231 15.2488 14.9848C15.2488 15.1324 15.1076 15.3228 14.8376 15.5624C13.264 16.9267 10.7885 17.701 8.22615 17.701C5.29551 17.701 2.2592 16.6809 0.372751 14.3518L0.371705 14.3508Z\" fill=\"black\"><\/path><path d=\"M14.2347 14.2212C13.9585 14.2766 13.7796 14.2766 13.7189 14.1354C13.6331 13.9387 13.8905 13.7671 14.174 13.6133C14.6292 13.3737 15.1387 13.245 15.6545 13.245C16.1704 13.245 16.7971 13.3988 16.9634 13.6384C17.135 13.8906 17.0555 14.5476 16.8902 15.0153C16.7238 15.5008 16.4236 15.9308 16.0364 16.2688C15.8586 16.4351 15.6681 16.5826 15.5206 16.5826C15.4714 16.5826 15.4348 16.5638 15.3982 16.5272C15.2758 16.41 15.3365 16.2572 15.484 16.0114C15.8837 15.3721 16.2216 14.4995 16.0678 14.2724C15.9077 14.0517 14.9745 14.0632 14.2368 14.2233L14.2347 14.2212Z\" fill=\"black\"><\/path><path d=\"M4.23556 13.2133C3.89866 13.0187 3.63709 12.7435 3.4519 12.3878C3.2667 12.032 3.17358 11.6261 3.17358 11.1678C3.17358 10.6175 3.31274 10.1351 3.59105 9.72079C3.86936 9.30646 4.26381 8.9863 4.77335 8.7603C5.28394 8.5343 5.88241 8.42131 6.56877 8.42131C6.87847 8.42131 7.13167 8.44328 7.32942 8.48618V8.29157C7.32942 7.80923 7.24467 7.45349 7.07413 7.22436C6.90358 6.99522 6.64306 6.88118 6.29046 6.88118C5.73384 6.88118 5.36868 7.1846 5.19605 7.7904C5.14687 7.96408 5.04748 8.03837 4.8989 8.01326L3.60047 7.7904C3.52618 7.77784 3.47073 7.74227 3.43306 7.68368C3.39644 7.62508 3.39016 7.54871 3.41423 7.45663C3.58163 6.80061 3.92481 6.29735 4.44377 5.94475C4.96377 5.59216 5.62189 5.41638 6.4202 5.41638C7.35976 5.41638 8.07437 5.67167 8.56299 6.18121C9.0516 6.6918 9.29643 7.43257 9.29643 8.40352V13.0794C9.29643 13.1474 9.27446 13.2049 9.23156 13.2509C9.18866 13.297 9.12902 13.32 9.05474 13.32H7.83059C7.69457 13.32 7.60773 13.2394 7.57111 13.0783L7.38592 12.2057H7.31163C7.14423 12.62 6.8973 12.9402 6.56982 13.1662C6.24233 13.3922 5.85207 13.5052 5.40112 13.5052C4.95017 13.5052 4.57351 13.4079 4.23661 13.2133H4.23556ZM5.45029 11.7433C5.61979 11.941 5.85102 12.0404 6.14189 12.0404C6.5311 12.0404 6.8272 11.8688 7.02809 11.5256C7.22898 11.1824 7.32942 10.6802 7.32942 10.0179V9.5356C7.18085 9.49898 7.01972 9.48014 6.84708 9.48014C6.33963 9.48014 5.93786 9.61302 5.64072 9.87878C5.34357 10.1445 5.195 10.5003 5.195 10.946C5.195 11.2797 5.27975 11.5455 5.45029 11.7443V11.7433Z\" fill=\"black\"><\/path><path d=\"M10.7248 13.3201C10.6506 13.3201 10.592 13.2981 10.548 13.2552C10.5051 13.2123 10.4832 13.1527 10.4832 13.0795V5.84233C10.4832 5.76804 10.5051 5.70945 10.548 5.66655C10.5909 5.62366 10.6506 5.60168 10.7248 5.60168H12.2095C12.3706 5.60168 12.4502 5.68225 12.4502 5.84338V13.0795C12.4502 13.1538 12.4282 13.2123 12.3853 13.2552C12.3424 13.2981 12.2828 13.3201 12.2095 13.3201H10.7248Z\" fill=\"black\"><\/path><path fill-rule=\"evenodd\" clip-rule=\"evenodd\" d=\"M14.5935 4.08912C14.7295 4.22514 14.7274 4.448 14.5893 4.58715L14.4637 4.71271L14.5872 4.83617C14.7232 4.97218 14.7211 5.19504 14.583 5.3342C14.4449 5.47335 14.222 5.4744 14.085 5.33838L13.9615 5.21492L13.836 5.34048C13.6979 5.47858 13.475 5.48068 13.3379 5.34466C13.2009 5.20864 13.204 4.98579 13.3421 4.84663L13.4677 4.72108L13.3442 4.59761C13.2082 4.4616 13.2103 4.23874 13.3484 4.09958C13.4865 3.96043 13.7094 3.95938 13.8464 4.0954L13.9699 4.21886L14.0954 4.09331C14.2335 3.9552 14.4564 3.9531 14.5935 4.08912Z\" fill=\"black\"><\/path><path d=\"M12.0964 2.53817L13.2337 3.12095C13.2724 3.14083 13.2724 3.19524 13.2337 3.21511L12.0964 3.79789L11.5136 4.93625C11.4947 4.97392 11.4403 4.97392 11.4215 4.93625L10.8387 3.79789L9.70037 3.21511C9.6627 3.19628 9.6627 3.14187 9.70037 3.12304L10.8387 2.54026L11.4215 1.40191C11.4414 1.36424 11.4958 1.36424 11.5146 1.40191L12.0974 2.54026L12.0964 2.53817Z\" fill=\"black\"><\/path><\/g><defs><clippath id=\"clip0_1566_10942\"><rect width=\"17\" height=\"17.3976\" fill=\"white\" transform=\"translate(0.0588379 0.301147)\"><\/rect><\/clippath><\/defs><\/svg><\/span><span id=\"summary-disclaimer-title\" aria-hidden=\"true\">AI Generated from the text of customer reviews<\/span><span id=\"ai-icon-right\" class=\"_Y3Itc_ai-icon-right_2svOG\" aria-hidden=\"true\"><svg class=\"_Y3Itc_ai-branding-icon_1_-VZ\" width=\"18\" height=\"18\" viewbox=\"0 0 18 18\" fill=\"none\" xmlns=\"http:\/\/www.w3.org\/2000\/svg\" aria-hidden=\"true\"><g clip-path=\"url(#clip0_1566_10942)\"><path d=\"M0.371705 14.3508C0.224179 14.1666 0.125828 14.0066 0.0829307 13.8779C0.0274777 13.7063 0.076653 13.6132 0.132106 13.5703C0.24929 13.4782 0.42088 13.5399 0.722209 13.7795C2.90999 15.5435 5.79773 16.2132 8.49504 16.2132C10.8858 16.2132 13.1343 15.6848 14.597 14.9168C14.8428 14.7881 15.0458 14.6835 15.1808 14.8247C15.2237 14.8739 15.2488 14.9231 15.2488 14.9848C15.2488 15.1324 15.1076 15.3228 14.8376 15.5624C13.264 16.9267 10.7885 17.701 8.22615 17.701C5.29551 17.701 2.2592 16.6809 0.372751 14.3518L0.371705 14.3508Z\" fill=\"black\"><\/path><path d=\"M14.2347 14.2212C13.9585 14.2766 13.7796 14.2766 13.7189 14.1354C13.6331 13.9387 13.8905 13.7671 14.174 13.6133C14.6292 13.3737 15.1387 13.245 15.6545 13.245C16.1704 13.245 16.7971 13.3988 16.9634 13.6384C17.135 13.8906 17.0555 14.5476 16.8902 15.0153C16.7238 15.5008 16.4236 15.9308 16.0364 16.2688C15.8586 16.4351 15.6681 16.5826 15.5206 16.5826C15.4714 16.5826 15.4348 16.5638 15.3982 16.5272C15.2758 16.41 15.3365 16.2572 15.484 16.0114C15.8837 15.3721 16.2216 14.4995 16.0678 14.2724C15.9077 14.0517 14.9745 14.0632 14.2368 14.2233L14.2347 14.2212Z\" fill=\"black\"><\/path><path d=\"M4.23556 13.2133C3.89866 13.0187 3.63709 12.7435 3.4519 12.3878C3.2667 12.032 3.17358 11.6261 3.17358 11.1678C3.17358 10.6175 3.31274 10.1351 3.59105 9.72079C3.86936 9.30646 4.26381 8.9863 4.77335 8.7603C5.28394 8.5343 5.88241 8.42131 6.56877 8.42131C6.87847 8.42131 7.13167 8.44328 7.32942 8.48618V8.29157C7.32942 7.80923 7.24467 7.45349 7.07413 7.22436C6.90358 6.99522 6.64306 6.88118 6.29046 6.88118C5.73384 6.88118 5.36868 7.1846 5.19605 7.7904C5.14687 7.96408 5.04748 8.03837 4.8989 8.01326L3.60047 7.7904C3.52618 7.77784 3.47073 7.74227 3.43306 7.68368C3.39644 7.62508 3.39016 7.54871 3.41423 7.45663C3.58163 6.80061 3.92481 6.29735 4.44377 5.94475C4.96377 5.59216 5.62189 5.41638 6.4202 5.41638C7.35976 5.41638 8.07437 5.67167 8.56299 6.18121C9.0516 6.6918 9.29643 7.43257 9.29643 8.40352V13.0794C9.29643 13.1474 9.27446 13.2049 9.23156 13.2509C9.18866 13.297 9.12902 13.32 9.05474 13.32H7.83059C7.69457 13.32 7.60773 13.2394 7.57111 13.0783L7.38592 12.2057H7.31163C7.14423 12.62 6.8973 12.9402 6.56982 13.1662C6.24233 13.3922 5.85207 13.5052 5.40112 13.5052C4.95017 13.5052 4.57351 13.4079 4.23661 13.2133H4.23556ZM5.45029 11.7433C5.61979 11.941 5.85102 12.0404 6.14189 12.0404C6.5311 12.0404 6.8272 11.8688 7.02809 11.5256C7.22898 11.1824 7.32942 10.6802 7.32942 10.0179V9.5356C7.18085 9.49898 7.01972 9.48014 6.84708 9.48014C6.33963 9.48014 5.93786 9.61302 5.64072 9.87878C5.34357 10.1445 5.195 10.5003 5.195 10.946C5.195 11.2797 5.27975 11.5455 5.45029 11.7443V11.7433Z\" fill=\"black\"><\/path><path d=\"M10.7248 13.3201C10.6506 13.3201 10.592 13.2981 10.548 13.2552C10.5051 13.2123 10.4832 13.1527 10.4832 13.0795V5.84233C10.4832 5.76804 10.5051 5.70945 10.548 5.66655C10.5909 5.62366 10.6506 5.60168 10.7248 5.60168H12.2095C12.3706 5.60168 12.4502 5.68225 12.4502 5.84338V13.0795C12.4502 13.1538 12.4282 13.2123 12.3853 13.2552C12.3424 13.2981 12.2828 13.3201 12.2095 13.3201H10.7248Z\" fill=\"black\"><\/path><path fill-rule=\"evenodd\" clip-rule=\"evenodd\" d=\"M14.5935 4.08912C14.7295 4.22514 14.7274 4.448 14.5893 4.58715L14.4637 4.71271L14.5872 4.83617C14.7232 4.97218 14.7211 5.19504 14.583 5.3342C14.4449 5.47335 14.222 5.4744 14.085 5.33838L13.9615 5.21492L13.836 5.34048C13.6979 5.47858 13.475 5.48068 13.3379 5.34466C13.2009 5.20864 13.204 4.98579 13.3421 4.84663L13.4677 4.72108L13.3442 4.59761C13.2082 4.4616 13.2103 4.23874 13.3484 4.09958C13.4865 3.96043 13.7094 3.95938 13.8464 4.0954L13.9699 4.21886L14.0954 4.09331C14.2335 3.9552 14.4564 3.9531 14.5935 4.08912Z\" fill=\"black\"><\/path><path d=\"M12.0964 2.53817L13.2337 3.12095C13.2724 3.14083 13.2724 3.19524 13.2337 3.21511L12.0964 3.79789L11.5136 4.93625C11.4947 4.97392 11.4403 4.97392 11.4215 4.93625L10.8387 3.79789L9.70037 3.21511C9.6627 3.19628 9.6627 3.14187 9.70037 3.12304L10.8387 2.54026L11.4215 1.40191C11.4414 1.36424 11.4958 1.36424 11.5146 1.40191L12.0974 2.54026L12.0964 2.53817Z\" fill=\"black\"><\/path><\/g><defs><clippath id=\"clip0_1566_10942\"><rect width=\"17\" height=\"17.3976\" fill=\"white\" transform=\"translate(0.0588379 0.301147)\"><\/rect><\/clippath><\/defs><\/svg><\/span><\/p>\n<\/div>\n\n","protected":false},"excerpt":{"rendered":"<p> LEE Men\u2019s Performance Series Extreme Comfort Pant. A classic khaki look built for maximum comfort and style. Available in a variety of colors. Overall Fit: Straight fit pant. Rise: Mid rise, sits at the natural waist. Closure: Zip-Fly with button closure. Leg: Straight fit through the seat, leg, and thigh. [&hellip;]<\/p>\n","protected":false},"featured_media":30695,"comment_status":"open","ping_status":"closed","template":"","meta":{"_gspb_post_css":""},"store":[],"product_brand":[],"product_cat":[130],"product_tag":[150],"class_list":{"0":"post-30694","1":"product","2":"type-product","3":"status-publish","4":"has-post-thumbnail","6":"product_cat-mens-athletic-pants","7":"product_tag-mens-athletic-pants","9":"first","10":"instock","11":"sale","12":"shipping-taxable","13":"product-type-external"},"_links":{"self":[{"href":"https:\/\/thebestproductfinds.com\/index.php?rest_route=\/wp\/v2\/product\/30694","targetHints":{"allow":["GET"]}}],"collection":[{"href":"https:\/\/thebestproductfinds.com\/index.php?rest_route=\/wp\/v2\/product"}],"about":[{"href":"https:\/\/thebestproductfinds.com\/index.php?rest_route=\/wp\/v2\/types\/product"}],"replies":[{"embeddable":true,"href":"https:\/\/thebestproductfinds.com\/index.php?rest_route=%2Fwp%2Fv2%2Fcomments&post=30694"}],"wp:featuredmedia":[{"embeddable":true,"href":"https:\/\/thebestproductfinds.com\/index.php?rest_route=\/wp\/v2\/media\/30695"}],"wp:attachment":[{"href":"https:\/\/thebestproductfinds.com\/index.php?rest_route=%2Fwp%2Fv2%2Fmedia&parent=30694"}],"wp:term":[{"taxonomy":"store","embeddable":true,"href":"https:\/\/thebestproductfinds.com\/index.php?rest_route=%2Fwp%2Fv2%2Fstore&post=30694"},{"taxonomy":"product_brand","embeddable":true,"href":"https:\/\/thebestproductfinds.com\/index.php?rest_route=%2Fwp%2Fv2%2Fproduct_brand&post=30694"},{"taxonomy":"product_cat","embeddable":true,"href":"https:\/\/thebestproductfinds.com\/index.php?rest_route=%2Fwp%2Fv2%2Fproduct_cat&post=30694"},{"taxonomy":"product_tag","embeddable":true,"href":"https:\/\/thebestproductfinds.com\/index.php?rest_route=%2Fwp%2Fv2%2Fproduct_tag&post=30694"}],"curies":[{"name":"wp","href":"https:\/\/api.w.org\/{rel}","templated":true}]}}